{"id":3692,"date":"2022-03-29T23:47:26","date_gmt":"2022-03-29T23:47:26","guid":{"rendered":"http:\/\/34.122.63.46\/?page_id=3692"},"modified":"2022-07-18T21:15:52","modified_gmt":"2022-07-18T21:15:52","slug":"contact-us","status":"publish","type":"page","link":"https:\/\/onephase.com\/es\/contact-us\/","title":{"rendered":"Contacto"},"content":{"rendered":"<div class=\"wpb-content-wrapper\"><div id=\"tm-row-69d1991a21908\" data-vc-full-width=\"true\" data-vc-full-width-init=\"false\" class=\"vc_row vc_row-outer vc_row-fluid vc_row-o-full-height calculated-height vc_row-o-columns-middle vc_row-o-content-top vc_row-flex\"><div id=\"tm-column-69d1991a21f68\" class=\"wpb_column vc_column_container vc_col-sm-12\"><div class=\"vc_column-inner\"><div class=\"wpb_wrapper\"><div class=\"tm-spacer\" id=\"tm-spacer-69d1991a22f07\"><\/div>\n<div id=\"tm-row-inner-69d1991a2367f\" class=\"vc_row vc_inner vc_row-fluid\"><div id=\"tm-column-inner-69d1991a24cef\" class=\"wpb_column vc_column_container vc_col-sm-6\"><div class=\"vc_column-inner\"><div class=\"wpb_wrapper\">\n<div class=\"tm-heading  left tm-animation move-up\" id=\"tm-heading-69d1991a25312\">\n\t<h1 class=\"heading\" style=\"font-family:Poppins\">Hablemos<\/h1><\/div>\n\n<div class=\"tm-spacer\" id=\"tm-spacer-69d1991a257d4\"><\/div>\n\n<div class=\"tm-heading  left tm-animation move-up\" id=\"tm-heading-69d1991a258c2\">\n\t<p class=\"heading\" style=\"font-family:Poppins\">Apreciamos tu inter\u00e9s en Onephase.<\/p><\/div>\n\n<div class=\"tm-spacer\" id=\"tm-spacer-69d1991a25ca1\"><\/div>\n\n<div class=\"tm-heading  left tm-animation move-up\" id=\"tm-heading-69d1991a25d6f\">\n\t<p class=\"heading\" style=\"font-family:Poppins\">Nos encantar\u00e1 escuchar m\u00e1s acerca de tu pr\u00f3ximo proyecto.<\/p><\/div>\n\n<div class=\"tm-spacer\" id=\"tm-spacer-69d1991a2652c\"><\/div>\n<\/div><\/div><\/div><div id=\"tm-column-inner-69d1991a26623\" class=\"wpb_column vc_column_container vc_col-sm-6\"><div class=\"vc_column-inner\"><div class=\"wpb_wrapper\"><div class=\"tm-contact-form-7 style-01 tm-animation move-up\">\n\t\n<div class=\"wpcf7 no-js\" id=\"wpcf7-f3283-o1\" lang=\"en-US\" dir=\"ltr\" data-wpcf7-id=\"3283\">\n<div class=\"screen-reader-response\"><p role=\"status\" aria-live=\"polite\" aria-atomic=\"true\"><\/p> <ul><\/ul><\/div>\n<form action=\"\/es\/wp-json\/wp\/v2\/pages\/3692#wpcf7-f3283-o1\" method=\"post\" class=\"wpcf7-form init\" aria-label=\"Contact form\" novalidate=\"novalidate\" data-status=\"init\" data-trp-original-action=\"\/es\/wp-json\/wp\/v2\/pages\/3692#wpcf7-f3283-o1\">\n<fieldset class=\"hidden-fields-container\"><input type=\"hidden\" name=\"_wpcf7\" value=\"3283\" \/><input type=\"hidden\" name=\"_wpcf7_version\" value=\"6.1.4\" \/><input type=\"hidden\" name=\"_wpcf7_locale\" value=\"en_US\" \/><input type=\"hidden\" name=\"_wpcf7_unit_tag\" value=\"wpcf7-f3283-o1\" \/><input type=\"hidden\" name=\"_wpcf7_container_post\" value=\"0\" \/><input type=\"hidden\" name=\"_wpcf7_posted_data_hash\" value=\"\" \/><input type=\"hidden\" name=\"_wpcf7_recaptcha_response\" value=\"\" \/>\n<\/fieldset>\n<div class=\"row\">\n\t<div class=\"col-md-6\">\n\t\t<div class=\"form-item\">\n\t\t\t<p><span class=\"wpcf7-form-control-wrap\" data-name=\"your-name\"><input size=\"40\" maxlength=\"400\" class=\"wpcf7-form-control wpcf7-text wpcf7-validates-as-required\" aria-required=\"true\" aria-invalid=\"false\" placeholder=\"Nombre\" value=\"\" type=\"text\" name=\"your-name\" \/><\/span>\n\t\t\t<\/p>\n\t\t<\/div>\n\t<\/div>\n\t<div class=\"col-md-6\">\n\t\t<div class=\"form-item\">\n\t\t\t<p><span class=\"wpcf7-form-control-wrap\" data-name=\"your-email\"><input size=\"40\" maxlength=\"400\" class=\"wpcf7-form-control wpcf7-email wpcf7-validates-as-required wpcf7-text wpcf7-validates-as-email\" aria-required=\"true\" aria-invalid=\"false\" placeholder=\"Correo\" value=\"\" type=\"email\" name=\"your-email\" \/><\/span>\n\t\t\t<\/p>\n\t\t<\/div>\n\t<\/div>\n\t<div class=\"col-md-6\">\n\t\t<div class=\"form-item\">\n\t\t\t<p><span class=\"wpcf7-form-control-wrap\" data-name=\"Company\"><input size=\"40\" maxlength=\"400\" class=\"wpcf7-form-control wpcf7-text\" aria-invalid=\"false\" placeholder=\"Compa\u00f1\u00eda\" value=\"\" type=\"text\" name=\"Company\" \/><\/span>\n\t\t\t<\/p>\n\t\t<\/div>\n\t<\/div>\n\t<div class=\"col-md-6\">\n\t\t<div class=\"form-item\">\n\t\t\t<p><span class=\"wpcf7-form-control-wrap\" data-name=\"Reasontocontact\"><select class=\"wpcf7-form-control wpcf7-select wpcf7-validates-as-required\" aria-required=\"true\" aria-invalid=\"false\" name=\"Reasontocontact\"><option value=\"Reason to contact\">Reason to contact<\/option><option value=\"New Project\">New Project<\/option><option value=\"Nearshore Staffing\">Nearshore Staffing<\/option><option value=\"Business Partnership\">Business Partnership<\/option><option value=\"Looking for Job\">Looking for Job<\/option><\/select><\/span>\n\t\t\t<\/p>\n\t\t<\/div>\n\t<\/div>\n\t<div class=\"col-md-6\">\n\t\t<div class=\"form-item\">\n\t\t\t<p><span class=\"wpcf7-form-control-wrap\" data-name=\"phone\"><input size=\"40\" maxlength=\"400\" class=\"wpcf7-form-control wpcf7-text wpcf7-validates-as-required\" aria-required=\"true\" aria-invalid=\"false\" placeholder=\"Tel\u00e9fono\" value=\"\" type=\"text\" name=\"phone\" \/><\/span>\n\t\t\t<\/p>\n\t\t<\/div>\n\t<\/div>\n\t<div class=\"col-md-6\">\n\t\t<div class=\"form-item\">\n\t\t\t<p><span class=\"wpcf7-form-control-wrap\" data-name=\"Optiontocontact\"><select class=\"wpcf7-form-control wpcf7-select wpcf7-validates-as-required\" aria-required=\"true\" aria-invalid=\"false\" name=\"Optiontocontact\"><option value=\"Option to contact\">Option to contact<\/option><option value=\"Phone\">Phone<\/option><option value=\"Email\">Email<\/option><\/select><\/span>\n\t\t\t<\/p>\n\t\t<\/div>\n\t<\/div>\n\t<div class=\"col-md-12\">\n\t\t<div class=\"form-item\">\n\t\t\t<p><span class=\"wpcf7-form-control-wrap\" data-name=\"Subject\"><input size=\"40\" maxlength=\"400\" class=\"wpcf7-form-control wpcf7-text wpcf7-validates-as-required\" aria-required=\"true\" aria-invalid=\"false\" placeholder=\"Asunto\" value=\"\" type=\"text\" name=\"Subject\" \/><\/span>\n\t\t\t<\/p>\n\t\t<\/div>\n\t\t<div class=\"form-item\">\n\t\t\t<p><span class=\"wpcf7-form-control-wrap\" data-name=\"your-message\"><textarea cols=\"40\" rows=\"10\" maxlength=\"2000\" class=\"wpcf7-form-control wpcf7-textarea\" aria-invalid=\"false\" placeholder=\"Por favor describe en que servicio est\u00e1s interesado.\" name=\"your-message\"><\/textarea><\/span>\n\t\t\t<\/p>\n\t\t<\/div>\n\t\t<div class=\"form-submit\">\n\t\t\t<p><input class=\"wpcf7-form-control wpcf7-submit has-spinner\" type=\"submit\" value=\"Send message\" \/>\n\t\t\t<\/p>\n\t\t<\/div>\n\t<\/div>\n<\/div><p style=\"display: none !important;\" class=\"akismet-fields-container\" data-prefix=\"_wpcf7_ak_\"><label>&#916;<textarea name=\"_wpcf7_ak_hp_textarea\" cols=\"45\" rows=\"8\" maxlength=\"100\"><\/textarea><\/label><input type=\"hidden\" id=\"ak_js_1\" name=\"_wpcf7_ak_js\" value=\"36\"\/><script>document.getElementById( \"ak_js_1\" ).setAttribute( \"value\", ( new Date() ).getTime() );<\/script><\/p><div class=\"wpcf7-response-output\" aria-hidden=\"true\"><\/div>\n<input type=\"hidden\" name=\"trp-form-language\" value=\"es\"\/><\/form>\n<\/div>\n<\/div>\n<\/div><\/div><\/div><\/div><div class=\"tm-spacer\" id=\"tm-spacer-69d1991a2b721\"><\/div>\n<\/div><\/div><\/div><\/div><div class=\"vc_row-full-width vc_clearfix\"><\/div><div id=\"tm-section-69d1991a2ba26\" class=\"vc_section\"><div id=\"tm-row-69d1991a2bfbc\" class=\"vc_row vc_row-outer vc_row-fluid\"><div id=\"tm-column-69d1991a2c28c\" class=\"wpb_column vc_column_container vc_col-sm-4\"><div class=\"vc_column-inner\"><div class=\"wpb_wrapper\"><\/div><\/div><\/div><div id=\"tm-column-69d1991a2c47d\" class=\"wpb_column vc_column_container vc_col-sm-4\"><div class=\"vc_column-inner\"><div class=\"wpb_wrapper\"><div class=\"tm-spacer\" id=\"tm-spacer-69d1991a2c601\"><\/div>\n\n<div class=\"tm-heading  center tm-animation move-up\" id=\"tm-heading-69d1991a2c715\">\n\t<h2 class=\"heading\" style=\"font-family:Poppins\">Estamos en:<\/h2><\/div>\n\n<\/div><\/div><\/div><div id=\"tm-column-69d1991a2cbf6\" class=\"wpb_column vc_column_container vc_col-sm-4\"><div class=\"vc_column-inner\"><div class=\"wpb_wrapper\"><\/div><\/div><\/div><\/div><\/div><div id=\"tm-row-69d1991a2d050\" data-vc-full-width=\"true\" data-vc-full-width-init=\"false\" class=\"vc_row vc_row-outer vc_row-fluid vc_row-o-content-middle vc_row-flex\"><div id=\"tm-column-69d1991a2d9ce\" class=\"wpb_column vc_column_container vc_col-sm-4\"><div class=\"vc_column-inner\"><div class=\"wpb_wrapper\"><div class=\"tm-spacer\" id=\"tm-spacer-69d1991a2db8e\"><\/div>\n\n<div class=\"tm-heading  center tm-animation move-up\" id=\"tm-heading-69d1991a2e1b0\">\n\t<h2 class=\"heading\" style=\"font-family:Poppins\">EU<\/h2><\/div>\n\n<div class=\"tm-spacer\" id=\"tm-spacer-69d1991a2e974\"><\/div>\n\n<div class=\"tm-heading  center tm-animation move-up\" id=\"tm-heading-69d1991a2ea79\">\n\t<p class=\"heading\" style=\"font-family:Poppins\">110 E Houston St.<br \/>\nSan Antonio, TX, US 78205<\/p><\/div>\n\n<div class=\"tm-spacer\" id=\"tm-spacer-69d1991a2f5ca\"><\/div>\n<\/div><\/div><\/div><div id=\"tm-column-69d1991a2f6cc\" class=\"wpb_column vc_column_container vc_col-sm-4\"><div class=\"vc_column-inner\"><div class=\"wpb_wrapper\"><\/div><\/div><\/div><div id=\"tm-column-69d1991a2f8f0\" class=\"wpb_column vc_column_container vc_col-sm-4\"><div class=\"vc_column-inner\"><div class=\"wpb_wrapper\"><div class=\"tm-spacer\" id=\"tm-spacer-69d1991a2fa96\"><\/div>\n\n<div class=\"tm-heading  center tm-animation move-up\" id=\"tm-heading-69d1991a2fbd7\">\n\t<h2 class=\"heading\" style=\"font-family:Poppins\">M\u00c9XICO<\/h2><\/div>\n\n<div class=\"tm-spacer\" id=\"tm-spacer-69d1991a3043e\"><\/div>\n\n<div class=\"tm-heading  center tm-animation move-up\" id=\"tm-heading-69d1991a3056b\">\n\t<p class=\"heading\" style=\"font-family:Poppins\">Av. Eugenio Garza Sada 3820<br \/>\nTorre Micropolis, Oficinas Piso 8<br \/>\nContry, Monterrey, N.L. 64780<\/p><\/div>\n\n<div class=\"tm-spacer\" id=\"tm-spacer-69d1991a30980\"><\/div>\n<\/div><\/div><\/div><\/div><div class=\"vc_row-full-width vc_clearfix\"><\/div><div id=\"tm-row-69d1991a30f7f\" class=\"vc_row vc_row-outer vc_row-fluid\"><div id=\"tm-column-69d1991a3155f\" class=\"wpb_column vc_column_container vc_col-sm-12\"><div class=\"vc_column-inner\"><div class=\"wpb_wrapper\"><div class=\"tm-spacer\" id=\"tm-spacer-69d1991a32203\"><\/div>\n<div class=\"tm-image-hotspot  style-signal\">\n\t\t<div class=\"wrap_svl_center\">\r\n\t<div class=\"wrap_svl_center_box\">\r\n\t<div class=\"wrap_svl\" id=\"body_drag_4233\">\r\n\t\t<div class=\"images_wrap\">\r\n                            <img decoding=\"async\" src=\"https:\/\/onephase.com\/wp-content\/uploads\/2019\/03\/mitech-contact-hotspot-map.jpg\" alt=\"\">\r\n            \t\t<\/div>\t\r\n\t\t \t\t \t\t <div class=\"drag_element tips\" style=\"top:30.45%;left:11.75%;\" >\r\n\t\t \t<div class=\"point_style  ihotspot_tooltop_html\" data-placement=\"n\" data-html=\"\t\t \t\t\t \t\t \t\t \">\r\n\t\t \t\t\t\t\t \t\t\t\t\t \t\t\t<div class=\"pins_animation ihotspot_pulse\" style=\"top:-20px;left:-15px;height:40px;width:30px\"><\/div>\r\n\t\t\t \t\t\t\t\t \t\t<img decoding=\"async\" src=\"https:\/\/onephase.com\/wp-content\/uploads\/2019\/03\/mitech-contact-hotspot-map-pin.png\" class=\"pins_image\" style=\"top:-20px;left:-15px\" alt=\"\">\r\n\t\t\t \t\t\t\t \t\t\t\t \t<\/div>\r\n\t\t <\/div>\r\n\t\t \t\t <div class=\"drag_element tips\" style=\"top:37.6%;left:9.34%;\" >\r\n\t\t \t<div class=\"point_style  ihotspot_tooltop_html\" data-placement=\"n\" data-html=\"\t\t \t\t\t \t\t \t\t \">\r\n\t\t \t\t\t\t\t \t\t\t\t\t \t\t\t<div class=\"pins_animation ihotspot_pulse\" style=\"top:-20px;left:-15px;height:40px;width:30px\"><\/div>\r\n\t\t\t \t\t\t\t\t \t\t<img decoding=\"async\" src=\"https:\/\/onephase.com\/wp-content\/uploads\/2019\/03\/mitech-contact-hotspot-map-pin.png\" class=\"pins_image\" style=\"top:-20px;left:-15px\" alt=\"\">\r\n\t\t\t \t\t\t\t \t\t\t\t \t<\/div>\r\n\t\t <\/div>\r\n\t\t \t\t \r\n\t\t  \t\t \t\r\n\t <\/div>\r\n\t <\/div>\r\n\t <\/div>\r\n\t<\/div>\n<\/div><\/div><\/div><\/div>\n<\/div>","protected":false},"excerpt":{"rendered":"Let's talk We appreciate your interest in Onephase. We\u2019d love to hear more about your upcoming project. Reason to contactNew ProjectNearshore StaffingBusiness PartnershipLooking for Job Option to contactPhoneEmail &#916; Find us US 110 E Houston St. San Antonio, TX, US 78205 MEXICO Av. Eugenio Garza Sada 3820 Torre Micropolis, Oficinas Piso 8 Contry, Monterrey, N.L. 64780","protected":false},"author":6,"featured_media":0,"parent":0,"menu_order":0,"comment_status":"closed","ping_status":"closed","template":"","meta":{"footnotes":""},"class_list":["post-3692","page","type-page","status-publish","hentry","post-no-thumbnail"],"yoast_head":"<!-- This site is optimized with the Yoast SEO plugin v26.8 - https:\/\/yoast.com\/product\/yoast-seo-wordpress\/ -->\n<title>Onephase - Let&#039;s talk<\/title>\n<meta name=\"description\" content=\"We appreciate your interest in Onephase. We\u2019d love to hear more about your upcoming project.\" \/>\n<meta name=\"robots\" content=\"index, follow, max-snippet:-1, max-image-preview:large, max-video-preview:-1\" \/>\n<link rel=\"canonical\" href=\"https:\/\/onephase.com\/es\/contact-us\/\" \/>\n<meta property=\"og:locale\" content=\"es_MX\" \/>\n<meta property=\"og:type\" content=\"article\" \/>\n<meta property=\"og:title\" content=\"Onephase - Let&#039;s talk\" \/>\n<meta property=\"og:description\" content=\"We appreciate your interest in Onephase. We\u2019d love to hear more about your upcoming project.\" \/>\n<meta property=\"og:url\" content=\"https:\/\/onephase.com\/es\/contact-us\/\" \/>\n<meta property=\"og:site_name\" content=\"Onephase\" \/>\n<meta property=\"article:publisher\" content=\"https:\/\/www.facebook.com\/OnephaseLLC\" \/>\n<meta property=\"article:modified_time\" content=\"2022-07-18T21:15:52+00:00\" \/>\n<meta name=\"twitter:card\" content=\"summary_large_image\" \/>\n<meta name=\"twitter:site\" content=\"@OnephaseLLC\" \/>\n<meta name=\"twitter:label1\" content=\"Tiempo de lectura\" \/>\n\t<meta name=\"twitter:data1\" content=\"4 minutos\" \/>\n<script type=\"application\/ld+json\" class=\"yoast-schema-graph\">{\"@context\":\"https:\/\/schema.org\",\"@graph\":[{\"@type\":\"WebPage\",\"@id\":\"https:\/\/onephase.com\/contact-us\/\",\"url\":\"https:\/\/onephase.com\/contact-us\/\",\"name\":\"Onephase - Let's talk\",\"isPartOf\":{\"@id\":\"https:\/\/onephase.com\/#website\"},\"datePublished\":\"2022-03-29T23:47:26+00:00\",\"dateModified\":\"2022-07-18T21:15:52+00:00\",\"description\":\"We appreciate your interest in Onephase. We\u2019d love to hear more about your upcoming project.\",\"breadcrumb\":{\"@id\":\"https:\/\/onephase.com\/contact-us\/#breadcrumb\"},\"inLanguage\":\"es\",\"potentialAction\":[{\"@type\":\"ReadAction\",\"target\":[\"https:\/\/onephase.com\/contact-us\/\"]}]},{\"@type\":\"BreadcrumbList\",\"@id\":\"https:\/\/onephase.com\/contact-us\/#breadcrumb\",\"itemListElement\":[{\"@type\":\"ListItem\",\"position\":1,\"name\":\"Home\",\"item\":\"https:\/\/onephase.com\/\"},{\"@type\":\"ListItem\",\"position\":2,\"name\":\"Contact us\"}]},{\"@type\":\"WebSite\",\"@id\":\"https:\/\/onephase.com\/#website\",\"url\":\"https:\/\/onephase.com\/\",\"name\":\"Onephase\",\"description\":\"Transformation Through Innovation\",\"publisher\":{\"@id\":\"https:\/\/onephase.com\/#organization\"},\"potentialAction\":[{\"@type\":\"SearchAction\",\"target\":{\"@type\":\"EntryPoint\",\"urlTemplate\":\"https:\/\/onephase.com\/?s={search_term_string}\"},\"query-input\":{\"@type\":\"PropertyValueSpecification\",\"valueRequired\":true,\"valueName\":\"search_term_string\"}}],\"inLanguage\":\"es\"},{\"@type\":\"Organization\",\"@id\":\"https:\/\/onephase.com\/#organization\",\"name\":\"Onephase\",\"url\":\"https:\/\/onephase.com\/\",\"logo\":{\"@type\":\"ImageObject\",\"inLanguage\":\"es\",\"@id\":\"https:\/\/onephase.com\/#\/schema\/logo\/image\/\",\"url\":\"https:\/\/onephase.com\/wp-content\/uploads\/2019\/03\/Ligth-logo.png\",\"contentUrl\":\"https:\/\/onephase.com\/wp-content\/uploads\/2019\/03\/Ligth-logo.png\",\"width\":320,\"height\":66,\"caption\":\"Onephase\"},\"image\":{\"@id\":\"https:\/\/onephase.com\/#\/schema\/logo\/image\/\"},\"sameAs\":[\"https:\/\/www.facebook.com\/OnephaseLLC\",\"https:\/\/x.com\/OnephaseLLC\",\"https:\/\/www.instagram.com\/onephasellc\/\",\"https:\/\/www.linkedin.com\/company\/onephase\/\"]}]}<\/script>\n<!-- \/ Yoast SEO plugin. -->","yoast_head_json":{"title":"Onephase - Let's talk","description":"We appreciate your interest in Onephase. We\u2019d love to hear more about your upcoming project.","robots":{"index":"index","follow":"follow","max-snippet":"max-snippet:-1","max-image-preview":"max-image-preview:large","max-video-preview":"max-video-preview:-1"},"canonical":"https:\/\/onephase.com\/es\/contact-us\/","og_locale":"es_MX","og_type":"article","og_title":"Onephase - Let's talk","og_description":"We appreciate your interest in Onephase. We\u2019d love to hear more about your upcoming project.","og_url":"https:\/\/onephase.com\/es\/contact-us\/","og_site_name":"Onephase","article_publisher":"https:\/\/www.facebook.com\/OnephaseLLC","article_modified_time":"2022-07-18T21:15:52+00:00","twitter_card":"summary_large_image","twitter_site":"@OnephaseLLC","twitter_misc":{"Tiempo de lectura":"4 minutos"},"schema":{"@context":"https:\/\/schema.org","@graph":[{"@type":"WebPage","@id":"https:\/\/onephase.com\/contact-us\/","url":"https:\/\/onephase.com\/contact-us\/","name":"Onephase - Let's talk","isPartOf":{"@id":"https:\/\/onephase.com\/#website"},"datePublished":"2022-03-29T23:47:26+00:00","dateModified":"2022-07-18T21:15:52+00:00","description":"We appreciate your interest in Onephase. We\u2019d love to hear more about your upcoming project.","breadcrumb":{"@id":"https:\/\/onephase.com\/contact-us\/#breadcrumb"},"inLanguage":"es","potentialAction":[{"@type":"ReadAction","target":["https:\/\/onephase.com\/contact-us\/"]}]},{"@type":"BreadcrumbList","@id":"https:\/\/onephase.com\/contact-us\/#breadcrumb","itemListElement":[{"@type":"ListItem","position":1,"name":"Home","item":"https:\/\/onephase.com\/"},{"@type":"ListItem","position":2,"name":"Contact us"}]},{"@type":"WebSite","@id":"https:\/\/onephase.com\/#website","url":"https:\/\/onephase.com\/","name":"Onephase","description":"Transformation Through Innovation","publisher":{"@id":"https:\/\/onephase.com\/#organization"},"potentialAction":[{"@type":"SearchAction","target":{"@type":"EntryPoint","urlTemplate":"https:\/\/onephase.com\/?s={search_term_string}"},"query-input":{"@type":"PropertyValueSpecification","valueRequired":true,"valueName":"search_term_string"}}],"inLanguage":"es"},{"@type":"Organization","@id":"https:\/\/onephase.com\/#organization","name":"Onephase","url":"https:\/\/onephase.com\/","logo":{"@type":"ImageObject","inLanguage":"es","@id":"https:\/\/onephase.com\/#\/schema\/logo\/image\/","url":"https:\/\/onephase.com\/wp-content\/uploads\/2019\/03\/Ligth-logo.png","contentUrl":"https:\/\/onephase.com\/wp-content\/uploads\/2019\/03\/Ligth-logo.png","width":320,"height":66,"caption":"Onephase"},"image":{"@id":"https:\/\/onephase.com\/#\/schema\/logo\/image\/"},"sameAs":["https:\/\/www.facebook.com\/OnephaseLLC","https:\/\/x.com\/OnephaseLLC","https:\/\/www.instagram.com\/onephasellc\/","https:\/\/www.linkedin.com\/company\/onephase\/"]}]}},"_links":{"self":[{"href":"https:\/\/onephase.com\/es\/wp-json\/wp\/v2\/pages\/3692","targetHints":{"allow":["GET"]}}],"collection":[{"href":"https:\/\/onephase.com\/es\/wp-json\/wp\/v2\/pages"}],"about":[{"href":"https:\/\/onephase.com\/es\/wp-json\/wp\/v2\/types\/page"}],"author":[{"embeddable":true,"href":"https:\/\/onephase.com\/es\/wp-json\/wp\/v2\/users\/6"}],"replies":[{"embeddable":true,"href":"https:\/\/onephase.com\/es\/wp-json\/wp\/v2\/comments?post=3692"}],"version-history":[{"count":34,"href":"https:\/\/onephase.com\/es\/wp-json\/wp\/v2\/pages\/3692\/revisions"}],"predecessor-version":[{"id":5109,"href":"https:\/\/onephase.com\/es\/wp-json\/wp\/v2\/pages\/3692\/revisions\/5109"}],"wp:attachment":[{"href":"https:\/\/onephase.com\/es\/wp-json\/wp\/v2\/media?parent=3692"}],"curies":[{"name":"wp","href":"https:\/\/api.w.org\/{rel}","templated":true}]}}